{"id":226,"date":"2020-06-11T22:56:58","date_gmt":"2020-06-11T20:56:58","guid":{"rendered":"https:\/\/lolusioweradio.pl\/?page_id=226"},"modified":"2022-04-04T21:28:13","modified_gmt":"2022-04-04T19:28:13","slug":"pozdrowienia","status":"publish","type":"page","link":"https:\/\/lolusioweradio.pl\/?page_id=226","title":{"rendered":"Pozdrowienia"},"content":{"rendered":"\t\t<div data-elementor-type=\"wp-page\" data-elementor-id=\"226\" class=\"elementor elementor-226\">\n\t\t\t\t\t\t<section class=\"elementor-section elementor-top-section elementor-element elementor-element-cafd23f elementor-section-boxed elementor-section-height-default elementor-section-height-default\" data-id=\"cafd23f\" data-element_type=\"section\">\n\t\t\t\t\t\t<div class=\"elementor-container elementor-column-gap-default\">\n\t\t\t\t\t<div class=\"elementor-column elementor-col-100 elementor-top-column elementor-element elementor-element-6c07171\" data-id=\"6c07171\" data-element_type=\"column\">\n\t\t\t<div class=\"elementor-widget-wrap elementor-element-populated\">\n\t\t\t\t\t\t<div class=\"elementor-element elementor-element-a2b373c elementor-widget elementor-widget-html\" data-id=\"a2b373c\" data-element_type=\"widget\" data-widget_type=\"html.default\">\n\t\t\t\t<div class=\"elementor-widget-container\">\n\t\t\t\t\t<!--<center><audio controls=\"\" preload=\"none\"><source src=\"https:\/\/s3.slotex.pl\/shoutcast\/7570\/stream?nocache=1592279709\"><\/audio><\/center>-->\n<center><!-- BEGINS: AUTO-GENERATED MUSES RADIO PLAYER CODE -->\n<script type=\"text\/javascript\" src=\"https:\/\/hosted.muses.org\/mrp.js\"><\/script>\n<script type=\"text\/javascript\">\nMRP.insert({\n'url':'https:\/\/s3.slotex.pl\/shoutcast\/7570\/stream?nocache=1592279709',\n'lang':'pl',\n'codec':'mp3',\n'volume':80,\n'autoplay':true,\n'forceHTML5':true,\n'jsevents':true,\n'buffering':0,\n'title':'Lolusiowe Radio',\n'welcome':'Lolusiowe Radio',\n'wmode':'transparent',\n'skin':'easyplay',\n'width':231,\n'height':30\n});\n<\/script>\n<!-- ENDS: AUTO-GENERATED MUSES RADIO PLAYER CODE --><\/center>\t\t\t\t<\/div>\n\t\t\t\t<\/div>\n\t\t\t\t\t<\/div>\n\t\t<\/div>\n\t\t\t\t\t<\/div>\n\t\t<\/section>\n\t\t\t\t<section class=\"elementor-section elementor-top-section elementor-element elementor-element-bcf2504 elementor-section-boxed elementor-section-height-default elementor-section-height-default\" data-id=\"bcf2504\" data-element_type=\"section\">\n\t\t\t\t\t\t<div class=\"elementor-container elementor-column-gap-default\">\n\t\t\t\t\t<div class=\"elementor-column elementor-col-100 elementor-top-column elementor-element elementor-element-470a944\" data-id=\"470a944\" data-element_type=\"column\">\n\t\t\t<div class=\"elementor-widget-wrap elementor-element-populated\">\n\t\t\t\t\t\t<div class=\"elementor-element elementor-element-1cb1f3c elementor-widget elementor-widget-html\" data-id=\"1cb1f3c\" data-element_type=\"widget\" data-widget_type=\"html.default\">\n\t\t\t\t<div class=\"elementor-widget-container\">\n\t\t\t\t\t<iframe src=\"https:\/\/lolusioweradio.panelradiowy.pl\/embed.php?script=pozdrowienia\" scrolling=\"no\" border=\"0\" marginwidth=\"0\" marginheight=\"0\" frameborder=\"no\" width=\"300\" height=\"250\"><\/iframe>\t\t\t\t<\/div>\n\t\t\t\t<\/div>\n\t\t\t\t\t<\/div>\n\t\t<\/div>\n\t\t\t\t\t<\/div>\n\t\t<\/section>\n\t\t\t\t<section class=\"elementor-section elementor-top-section elementor-element elementor-element-bd58389 elementor-section-boxed elementor-section-height-default elementor-section-height-default\" data-id=\"bd58389\" data-element_type=\"section\">\n\t\t\t\t\t\t<div class=\"elementor-container elementor-column-gap-default\">\n\t\t\t\t\t<div class=\"elementor-column elementor-col-100 elementor-top-column elementor-element elementor-element-4e46a31\" data-id=\"4e46a31\" data-element_type=\"column\">\n\t\t\t<div class=\"elementor-widget-wrap elementor-element-populated\">\n\t\t\t\t\t\t<div class=\"elementor-element elementor-element-410076b elementor-widget elementor-widget-text-editor\" data-id=\"410076b\" data-element_type=\"widget\" data-widget_type=\"text-editor.default\">\n\t\t\t\t<div class=\"elementor-widget-container\">\n\t\t\t\t\t\t\t\t\t<p><b>Regulamin konsolki pozdrowie\u0144<\/b><\/p><ul><li>Nie obra\u017caj prezentera ani innych s\u0142uchaczy.<\/li><li>Nie u\u017cywaj s\u0142\u00f3w przykrych i wulgarnych w nadsy\u0142anych pozdrowieniach.<br \/><br \/><b><\/b><\/li><li>Nie zamawiaj zbyt wielu piosenek, aby da\u0107 szans\u0119 innym s\u0142uchaczom na wys\u0142uchanie jego utworu.<\/li><li>Podczas nadawanych audycji tematycznych dostosuj swoje \u017cyczenia muzyczne do danego tematu w pozdrowieniach.<\/li><li>Podczas audycji autorskich wysy\u0142aj pozdrowienia bez \u017cycze\u0144 muzycznych.<\/li><li>nie reklamuj innych radii, stron erotycznych itp. w pozdrowieniach.<\/li><li>Nie zak\u0142\u00f3caj audycji i nie przeszkadzaj innym, je\u015bli chcesz si\u0119 bawi\u0107.<\/li><li>Wszelkie sytuacje prowokacji do k\u0142\u00f3tni b\u0119d\u0105 skutkowa\u0142y zablokowaniem [czasowym b\u0105d\u017a sta\u0142ym] dost\u0119pu do konsoli pozdrowie\u0144.<\/li><li>Je\u015bli notorycznie \u0142amiesz zapisy niniejszego regulaminu, mo\u017cesz zosta\u0107 stale zablokowany na serwerze, a tego zapewne nie chcesz.<\/li><\/ul>\t\t\t\t\t\t\t\t<\/div>\n\t\t\t\t<\/div>\n\t\t\t\t\t<\/div>\n\t\t<\/div>\n\t\t\t\t\t<\/div>\n\t\t<\/section>\n\t\t\t\t<\/div>\n\t\t","protected":false},"excerpt":{"rendered":"<p>Regulamin konsolki pozdrowie\u0144 Nie obra\u017caj prezentera ani innych s\u0142uchaczy. Nie u\u017cywaj s\u0142\u00f3w przykrych i wulgarnych w nadsy\u0142anych pozdrowieniach. Nie zamawiaj zbyt wielu piosenek, aby da\u0107 szans\u0119 innym s\u0142uchaczom na wys\u0142uchanie jego utworu. Podczas nadawanych audycji tematycznych dostosuj swoje \u017cyczenia muzyczne do danego tematu w pozdrowieniach. Podczas audycji autorskich wysy\u0142aj pozdrowienia bez \u017cycze\u0144 muzycznych. nie reklamuj &hellip; <\/p>\n<p class=\"link-more\"><a href=\"https:\/\/lolusioweradio.pl\/?page_id=226\" class=\"more-link\">Czytaj dalej<span class=\"screen-reader-text\"> \u201ePozdrowienia\u201d<\/span><\/a><\/p>\n","protected":false},"author":1,"featured_media":0,"parent":0,"menu_order":0,"comment_status":"closed","ping_status":"closed","template":"","meta":{"footnotes":""},"class_list":["post-226","page","type-page","status-publish","hentry"],"_links":{"self":[{"href":"https:\/\/lolusioweradio.pl\/index.php?rest_route=\/wp\/v2\/pages\/226","targetHints":{"allow":["GET"]}}],"collection":[{"href":"https:\/\/lolusioweradio.pl\/index.php?rest_route=\/wp\/v2\/pages"}],"about":[{"href":"https:\/\/lolusioweradio.pl\/index.php?rest_route=\/wp\/v2\/types\/page"}],"author":[{"embeddable":true,"href":"https:\/\/lolusioweradio.pl\/index.php?rest_route=\/wp\/v2\/users\/1"}],"replies":[{"embeddable":true,"href":"https:\/\/lolusioweradio.pl\/index.php?rest_route=%2Fwp%2Fv2%2Fcomments&post=226"}],"version-history":[{"count":10,"href":"https:\/\/lolusioweradio.pl\/index.php?rest_route=\/wp\/v2\/pages\/226\/revisions"}],"predecessor-version":[{"id":494,"href":"https:\/\/lolusioweradio.pl\/index.php?rest_route=\/wp\/v2\/pages\/226\/revisions\/494"}],"wp:attachment":[{"href":"https:\/\/lolusioweradio.pl\/index.php?rest_route=%2Fwp%2Fv2%2Fmedia&parent=226"}],"curies":[{"name":"wp","href":"https:\/\/api.w.org\/{rel}","templated":true}]}}